{"id":4,"date":"2017-01-30T15:55:37","date_gmt":"2017-01-30T15:55:37","guid":{"rendered":"http:\/\/twist-turn.de\/?page_id=4"},"modified":"2022-10-01T11:44:40","modified_gmt":"2022-10-01T10:44:40","slug":"florian-koehler","status":"publish","type":"page","link":"https:\/\/twist-turn.de\/?page_id=4","title":{"rendered":"\u00dcber mich"},"content":{"rendered":"<p>Anfang 2016 habe ich&nbsp;mich als Tanzlehrer selbstst\u00e4ndig gemacht und das Tanzstudio Twist Turn gegr\u00fcndet. Au\u00dferdem bin ich Tanzlehrer im Team von Fuego Latino.<b><\/b><i><\/i><u><\/u><\/p>\n<p>Ich bin ausgebildeter ADTV-Tanzlehrer,&nbsp;Fachtanzlehrer f\u00fcr Disco Fox und Instructor f\u00fcr Salsa, West Coast Swing und Tango Argentino.<\/p>\n<p>&nbsp;<\/p>\n<h3><strong>Biographie<\/strong><\/h3>\n<p>1995 &#8211; 2001 &nbsp; &nbsp;Turniert\u00e4nzer Lateinamerikanische T\u00e4nze<\/p>\n<p>2009 &nbsp; &nbsp; &nbsp; &nbsp; &nbsp; &nbsp; &nbsp; &nbsp;Praktikum als Tanzlehrer<\/p>\n<p>2010 &#8211; 2013 &nbsp; &nbsp;Ausbildung zum ADTV-Tanzlehrer<\/p>\n<p>2013 &#8211; 2015 &nbsp; &nbsp;angestellter Tanzlehrer bei einer ADTV-Tanzschule<\/p>\n<p>Seit 2016 &nbsp; &nbsp; &nbsp; &nbsp; Freiberuflicher Tanzlehrer<\/p>\n<p><img loading=\"lazy\" decoding=\"async\" class=\"size-medium wp-image-410 alignnone\" src=\"http:\/\/twist-turn.de\/wp-content\/uploads\/2022\/10\/Ueber-mich-300x298.jpg\" alt=\"\" width=\"300\" height=\"298\" srcset=\"https:\/\/twist-turn.de\/wp-content\/uploads\/2022\/10\/Ueber-mich-300x298.jpg 300w, https:\/\/twist-turn.de\/wp-content\/uploads\/2022\/10\/Ueber-mich-1024x1017.jpg 1024w, https:\/\/twist-turn.de\/wp-content\/uploads\/2022\/10\/Ueber-mich-150x150.jpg 150w, https:\/\/twist-turn.de\/wp-content\/uploads\/2022\/10\/Ueber-mich-768x762.jpg 768w, https:\/\/twist-turn.de\/wp-content\/uploads\/2022\/10\/Ueber-mich.jpg 1110w\" sizes=\"(max-width: 300px) 100vw, 300px\" \/><\/p>\n<p>&nbsp;<\/p>\n<p>&nbsp;<\/p>\n<p>&nbsp;<\/p>\n<p>&nbsp;<\/p>\n<p>&nbsp;<\/p>\n","protected":false},"excerpt":{"rendered":"<p>Anfang 2016 habe ich&nbsp;mich als Tanzlehrer selbstst\u00e4ndig gemacht und das Tanzstudio Twist Turn gegr\u00fcndet. Au\u00dferdem bin ich Tanzlehrer im Team von Fuego Latino. Ich bin ausgebildeter ADTV-Tanzlehrer,&nbsp;Fachtanzlehrer f\u00fcr Disco Fox und Instructor f\u00fcr Salsa, West Coast Swing und Tango Argentino. &nbsp; Biographie 1995 &#8211; 2001 &nbsp; &nbsp;Turniert\u00e4nzer Lateinamerikanische T\u00e4nze 2009 &nbsp; &nbsp; &nbsp; &nbsp; &nbsp; [&hellip;]<\/p>\n","protected":false},"author":1,"featured_media":0,"parent":0,"menu_order":0,"comment_status":"closed","ping_status":"closed","template":"","meta":{"ngg_post_thumbnail":0,"footnotes":""},"class_list":["post-4","page","type-page","status-publish","hentry"],"_links":{"self":[{"href":"https:\/\/twist-turn.de\/index.php?rest_route=\/wp\/v2\/pages\/4"}],"collection":[{"href":"https:\/\/twist-turn.de\/index.php?rest_route=\/wp\/v2\/pages"}],"about":[{"href":"https:\/\/twist-turn.de\/index.php?rest_route=\/wp\/v2\/types\/page"}],"author":[{"embeddable":true,"href":"https:\/\/twist-turn.de\/index.php?rest_route=\/wp\/v2\/users\/1"}],"replies":[{"embeddable":true,"href":"https:\/\/twist-turn.de\/index.php?rest_route=%2Fwp%2Fv2%2Fcomments&post=4"}],"version-history":[{"count":11,"href":"https:\/\/twist-turn.de\/index.php?rest_route=\/wp\/v2\/pages\/4\/revisions"}],"predecessor-version":[{"id":412,"href":"https:\/\/twist-turn.de\/index.php?rest_route=\/wp\/v2\/pages\/4\/revisions\/412"}],"wp:attachment":[{"href":"https:\/\/twist-turn.de\/index.php?rest_route=%2Fwp%2Fv2%2Fmedia&parent=4"}],"curies":[{"name":"wp","href":"https:\/\/api.w.org\/{rel}","templated":true}]}}