{"id":170,"date":"2017-03-26T13:41:11","date_gmt":"2017-03-26T12:41:11","guid":{"rendered":"http:\/\/twist-turn.de\/?page_id=170"},"modified":"2022-10-01T10:52:54","modified_gmt":"2022-10-01T09:52:54","slug":"mitgliedschaft","status":"publish","type":"page","link":"https:\/\/twist-turn.de\/?page_id=170","title":{"rendered":"Mitgliedschaft"},"content":{"rendered":"<p>Zur Teilnahme an unseren Tanzkreisen ist eine Mitgliedschaft erforderlich.<\/p>\n<p>F\u00fcr die Mitgliedschaft wird ein Monatshonorar von 74,00 \u20ac pro Paar erhoben.<\/p>\n<p>Bei Tanzkreisen, bei denen der Unterricht regelm\u00e4\u00dfig nur 14-t\u00e4gig stattfindet, halbiert sich das Monatshonorar entsprechend auf 37,00 \u20ac pro Paar. Zus\u00e4tzlich angebotene Stunden sind entsprechend zus\u00e4tzlich zu bezahlen.<\/p>\n<p>&nbsp;<\/p>\n<p>&nbsp;<\/p>\n<p>&nbsp;<\/p>\n<p>&nbsp;<\/p>\n<p>&nbsp;<\/p>\n<p>&nbsp;<\/p>\n<p>&nbsp;<\/p>\n<p>&nbsp;<\/p>\n<p>&nbsp;<\/p>\n<p>&nbsp;<\/p>\n<p>&nbsp;<\/p>\n<p>&nbsp;<\/p>\n<p>&nbsp;<\/p>\n<p>&nbsp;<\/p>\n<p>&nbsp;<\/p>\n<p>&nbsp;<\/p>\n<p>&nbsp;<\/p>\n<p>&nbsp;<\/p>\n<p>&nbsp;<\/p>\n<p>&nbsp;<\/p>\n<p>&nbsp;<\/p>\n<p>&nbsp;<\/p>\n<p>&nbsp;<\/p>\n<p>&nbsp;<\/p>\n<p>&nbsp;<\/p>\n<p>&nbsp;<\/p>\n<p>&nbsp;<\/p>\n<p>&nbsp;<\/p>\n<p>&nbsp;<\/p>\n<p>&nbsp;<\/p>\n<p>&nbsp;<\/p>\n<p>&nbsp;<\/p>\n<p>&nbsp;<\/p>\n<p>&nbsp;<\/p>\n","protected":false},"excerpt":{"rendered":"<p>Zur Teilnahme an unseren Tanzkreisen ist eine Mitgliedschaft erforderlich. F\u00fcr die Mitgliedschaft wird ein Monatshonorar von 74,00 \u20ac pro Paar erhoben. Bei Tanzkreisen, bei denen der Unterricht regelm\u00e4\u00dfig nur 14-t\u00e4gig stattfindet, halbiert sich das Monatshonorar entsprechend auf 37,00 \u20ac pro Paar. Zus\u00e4tzlich angebotene Stunden sind entsprechend zus\u00e4tzlich zu bezahlen. &nbsp; &nbsp; &nbsp; &nbsp; &nbsp; &nbsp; [&hellip;]<\/p>\n","protected":false},"author":1,"featured_media":0,"parent":0,"menu_order":0,"comment_status":"closed","ping_status":"closed","template":"","meta":{"ngg_post_thumbnail":0,"footnotes":""},"class_list":["post-170","page","type-page","status-publish","hentry"],"_links":{"self":[{"href":"https:\/\/twist-turn.de\/index.php?rest_route=\/wp\/v2\/pages\/170"}],"collection":[{"href":"https:\/\/twist-turn.de\/index.php?rest_route=\/wp\/v2\/pages"}],"about":[{"href":"https:\/\/twist-turn.de\/index.php?rest_route=\/wp\/v2\/types\/page"}],"author":[{"embeddable":true,"href":"https:\/\/twist-turn.de\/index.php?rest_route=\/wp\/v2\/users\/1"}],"replies":[{"embeddable":true,"href":"https:\/\/twist-turn.de\/index.php?rest_route=%2Fwp%2Fv2%2Fcomments&post=170"}],"version-history":[{"count":7,"href":"https:\/\/twist-turn.de\/index.php?rest_route=\/wp\/v2\/pages\/170\/revisions"}],"predecessor-version":[{"id":395,"href":"https:\/\/twist-turn.de\/index.php?rest_route=\/wp\/v2\/pages\/170\/revisions\/395"}],"wp:attachment":[{"href":"https:\/\/twist-turn.de\/index.php?rest_route=%2Fwp%2Fv2%2Fmedia&parent=170"}],"curies":[{"name":"wp","href":"https:\/\/api.w.org\/{rel}","templated":true}]}}